{"id":1242,"date":"2025-11-26T08:52:00","date_gmt":"2025-11-26T14:52:00","guid":{"rendered":"https:\/\/incometaxusa.pro\/?page_id=1242"},"modified":"2025-12-03T10:20:26","modified_gmt":"2025-12-03T16:20:26","slug":"nosotros","status":"publish","type":"page","link":"https:\/\/incometaxusa.pro\/es\/nosotros\/","title":{"rendered":"Nosotros"},"content":{"rendered":"\t\t<div data-elementor-type=\"wp-page\" data-elementor-id=\"1242\" class=\"elementor elementor-1242\">\n\t\t\t\t<div class=\"elementor-element elementor-element-9281693 e-flex e-con-boxed sc_layouts_column_icons_position_left e-con e-parent\" data-id=\"9281693\" data-element_type=\"container\" data-e-type=\"container\">\n\t\t\t\t\t<div class=\"e-con-inner\">\n\t\t<div class=\"elementor-element elementor-element-0c33015 e-con-full e-flex sc_layouts_column_icons_position_left e-con e-child\" data-id=\"0c33015\" data-element_type=\"container\" data-e-type=\"container\">\n\t\t\t\t<div data-animation-type=\"block\" class=\"elementor-element elementor-element-d0ac8ed animation_type_block sc_fly_static elementor-invisible elementor-widget elementor-widget-heading\" data-id=\"d0ac8ed\" data-element_type=\"widget\" data-e-type=\"widget\" data-settings=\"{&quot;_animation&quot;:&quot;ta_fadeinup&quot;}\" data-widget_type=\"heading.default\">\n\t\t\t\t<div class=\"elementor-widget-container\">\n\t\t\t\t\t<h6 class=\"elementor-heading-title elementor-size-default\">Income Tax USA &amp; Insurance<\/h6>\t\t\t\t<\/div>\n\t\t\t\t<\/div>\n\t\t\t\t<div data-animation-type=\"line\" data-animation-stagger=\"80\" class=\"elementor-element elementor-element-7c2ffd9 animation_type_line sc_fly_static elementor-invisible elementor-widget elementor-widget-trx_elm_advanced_title\" data-id=\"7c2ffd9\" data-element_type=\"widget\" data-e-type=\"widget\" data-settings=\"{&quot;_animation&quot;:&quot;ta_fadeinup&quot;,&quot;_animation_delay&quot;:100}\" data-widget_type=\"trx_elm_advanced_title.default\">\n\t\t\t\t<div class=\"elementor-widget-container\">\n\t\t\t\t\t<h1 class=\"trx-addons-advanced-title\" >\n<span class=\"trx-addons-advanced-title-item trx-addons-advanced-title-item-text elementor-repeater-item-8818021\">Estamos construyendo esta p\u00e1gina...<\/span>\n<span class=\"trx-addons-advanced-title-item trx-addons-advanced-title-item-text elementor-repeater-item-f12f233\">\u00a1Vuelve pronto!<\/span><\/h1>\t\t\t\t<\/div>\n\t\t\t\t<\/div>\n\t\t\t\t<\/div>\n\t\t<div class=\"elementor-element elementor-element-426480a e-con-full e-flex sc_layouts_column_icons_position_left e-con e-child\" data-id=\"426480a\" data-element_type=\"container\" data-e-type=\"container\">\n\t\t\t\t<div data-animation-type=\"block\" class=\"elementor-element elementor-element-f23cda7 animation_type_block sc_fly_static elementor-invisible elementor-widget elementor-widget-text-editor\" data-id=\"f23cda7\" data-element_type=\"widget\" data-e-type=\"widget\" data-settings=\"{&quot;_animation&quot;:&quot;ta_fadeinup&quot;,&quot;_animation_delay&quot;:100}\" data-widget_type=\"text-editor.default\">\n\t\t\t\t<div class=\"elementor-widget-container\">\n\t\t\t\t\t\t\t\t\t<p>En este momento estamos actualizando la p\u00e1gina de Nosotros para mostrarte qui\u00e9nes somos, nuestra historia y por qu\u00e9 tantas familias hispanas en Odessa y Midland conf\u00edan en <strong>Income Tax USA &amp; Insurance<\/strong> para sus taxes, seguros y servicios financieros. Muy pronto podr\u00e1s conocer m\u00e1s sobre nuestro equipo, nuestra misi\u00f3n y el compromiso que tenemos con la comunidad latina del Permian Basin.<\/p>\t\t\t\t\t\t\t\t<\/div>\n\t\t\t\t<\/div>\n\t\t\t\t<\/div>\n\t\t\t\t\t<\/div>\n\t\t\t\t<\/div>\n\t\t\t\t<\/div>\n\t\t","protected":false},"excerpt":{"rendered":"<p>Income Tax USA &amp; Insurance Estamos construyendo esta p\u00e1gina&#8230; \u00a1Vuelve pronto! En este momento&hellip;<\/p>\n","protected":false},"author":2,"featured_media":2547,"parent":0,"menu_order":0,"comment_status":"closed","ping_status":"closed","template":"","meta":{"footnotes":""},"class_list":["post-1242","page","type-page","status-publish","has-post-thumbnail","hentry"],"yoast_head":"<!-- This site is optimized with the Yoast SEO plugin v27.4 - https:\/\/yoast.com\/product\/yoast-seo-wordpress\/ -->\n<title>Asesor\u00eda de taxes y seguros en espa\u00f1ol en Odessa y Midland, TX<\/title>\n<meta name=\"description\" content=\"Conoce a Income Tax USA &amp; Insurance: expertos en impuestos, contabilidad y seguros para la comunidad hispana en Odessa y Midland, TX. Atenci\u00f3n honesta y en espa\u00f1ol.\" \/>\n<meta name=\"robots\" content=\"index, follow, max-snippet:-1, max-image-preview:large, max-video-preview:-1\" \/>\n<link rel=\"canonical\" href=\"https:\/\/incometaxusa.pro\/es\/nosotros\/\" \/>\n<meta property=\"og:locale\" content=\"es_ES\" \/>\n<meta property=\"og:type\" content=\"article\" \/>\n<meta property=\"og:title\" content=\"Asesor\u00eda de taxes y seguros en espa\u00f1ol en Odessa y Midland, TX\" \/>\n<meta property=\"og:description\" content=\"Conoce a Income Tax USA &amp; Insurance: expertos en impuestos, contabilidad y seguros para la comunidad hispana en Odessa y Midland, TX. Atenci\u00f3n honesta y en espa\u00f1ol.\" \/>\n<meta property=\"og:url\" content=\"https:\/\/incometaxusa.pro\/es\/nosotros\/\" \/>\n<meta property=\"og:site_name\" content=\"Income Tax USA &amp; Insurance\" \/>\n<meta property=\"article:modified_time\" content=\"2025-12-03T16:20:26+00:00\" \/>\n<meta property=\"og:image\" content=\"https:\/\/incometaxusa.pro\/wp-content\/uploads\/2025\/11\/Que-documentos-necesitas-para-hacer-tus-taxes-en-Odessa-y-Midland-TX-Guia-2026.jpg\" \/>\n\t<meta property=\"og:image:width\" content=\"1200\" \/>\n\t<meta property=\"og:image:height\" content=\"800\" \/>\n\t<meta property=\"og:image:type\" content=\"image\/jpeg\" \/>\n<meta name=\"twitter:card\" content=\"summary_large_image\" \/>\n<meta name=\"twitter:label1\" content=\"Tiempo de lectura\" \/>\n\t<meta name=\"twitter:data1\" content=\"1 minuto\" \/>\n<script type=\"application\/ld+json\" class=\"yoast-schema-graph\">{\"@context\":\"https:\\\/\\\/schema.org\",\"@graph\":[{\"@type\":\"WebPage\",\"@id\":\"https:\\\/\\\/incometaxusa.pro\\\/es\\\/nosotros\\\/\",\"url\":\"https:\\\/\\\/incometaxusa.pro\\\/es\\\/nosotros\\\/\",\"name\":\"Asesor\u00eda de taxes y seguros en espa\u00f1ol en Odessa y Midland, TX\",\"isPartOf\":{\"@id\":\"https:\\\/\\\/incometaxusa.pro\\\/es\\\/#website\"},\"primaryImageOfPage\":{\"@id\":\"https:\\\/\\\/incometaxusa.pro\\\/es\\\/nosotros\\\/#primaryimage\"},\"image\":{\"@id\":\"https:\\\/\\\/incometaxusa.pro\\\/es\\\/nosotros\\\/#primaryimage\"},\"thumbnailUrl\":\"https:\\\/\\\/incometaxusa.pro\\\/wp-content\\\/uploads\\\/2025\\\/11\\\/Que-documentos-necesitas-para-hacer-tus-taxes-en-Odessa-y-Midland-TX-Guia-2026.jpg\",\"datePublished\":\"2025-11-26T14:52:00+00:00\",\"dateModified\":\"2025-12-03T16:20:26+00:00\",\"description\":\"Conoce a Income Tax USA & Insurance: expertos en impuestos, contabilidad y seguros para la comunidad hispana en Odessa y Midland, TX. Atenci\u00f3n honesta y en espa\u00f1ol.\",\"breadcrumb\":{\"@id\":\"https:\\\/\\\/incometaxusa.pro\\\/es\\\/nosotros\\\/#breadcrumb\"},\"inLanguage\":\"es\",\"potentialAction\":[{\"@type\":\"ReadAction\",\"target\":[\"https:\\\/\\\/incometaxusa.pro\\\/es\\\/nosotros\\\/\"]}]},{\"@type\":\"ImageObject\",\"inLanguage\":\"es\",\"@id\":\"https:\\\/\\\/incometaxusa.pro\\\/es\\\/nosotros\\\/#primaryimage\",\"url\":\"https:\\\/\\\/incometaxusa.pro\\\/wp-content\\\/uploads\\\/2025\\\/11\\\/Que-documentos-necesitas-para-hacer-tus-taxes-en-Odessa-y-Midland-TX-Guia-2026.jpg\",\"contentUrl\":\"https:\\\/\\\/incometaxusa.pro\\\/wp-content\\\/uploads\\\/2025\\\/11\\\/Que-documentos-necesitas-para-hacer-tus-taxes-en-Odessa-y-Midland-TX-Guia-2026.jpg\",\"width\":1200,\"height\":800,\"caption\":\"Qu\u00e9 documentos necesitas para hacer tus taxes en Odessa y Midland, TX [Gu\u00eda 2026 para la comunidad latina]\"},{\"@type\":\"BreadcrumbList\",\"@id\":\"https:\\\/\\\/incometaxusa.pro\\\/es\\\/nosotros\\\/#breadcrumb\",\"itemListElement\":[{\"@type\":\"ListItem\",\"position\":1,\"name\":\"Inicio\",\"item\":\"https:\\\/\\\/incometaxusa.pro\\\/es\\\/\"},{\"@type\":\"ListItem\",\"position\":2,\"name\":\"Nosotros\"}]},{\"@type\":\"WebSite\",\"@id\":\"https:\\\/\\\/incometaxusa.pro\\\/es\\\/#website\",\"url\":\"https:\\\/\\\/incometaxusa.pro\\\/es\\\/\",\"name\":\"Income Tax USA & Insurance\",\"description\":\"Declaraci\u00f3n de impuestos, contabilidad y notar\u00eda\",\"publisher\":{\"@id\":\"https:\\\/\\\/incometaxusa.pro\\\/es\\\/#organization\"},\"alternateName\":\"Income Tax USA & Insurance\",\"potentialAction\":[{\"@type\":\"SearchAction\",\"target\":{\"@type\":\"EntryPoint\",\"urlTemplate\":\"https:\\\/\\\/incometaxusa.pro\\\/es\\\/?s={search_term_string}\"},\"query-input\":{\"@type\":\"PropertyValueSpecification\",\"valueRequired\":true,\"valueName\":\"search_term_string\"}}],\"inLanguage\":\"es\"},{\"@type\":\"Organization\",\"@id\":\"https:\\\/\\\/incometaxusa.pro\\\/es\\\/#organization\",\"name\":\"Income Tax USA & Insurance\",\"alternateName\":\"Income Tax USA & Insurance\",\"url\":\"https:\\\/\\\/incometaxusa.pro\\\/es\\\/\",\"logo\":{\"@type\":\"ImageObject\",\"inLanguage\":\"es\",\"@id\":\"https:\\\/\\\/incometaxusa.pro\\\/es\\\/#\\\/schema\\\/logo\\\/image\\\/\",\"url\":\"https:\\\/\\\/incometaxusa.pro\\\/wp-content\\\/uploads\\\/2025\\\/11\\\/income-tax-usa-logo-base-scaled.png\",\"contentUrl\":\"https:\\\/\\\/incometaxusa.pro\\\/wp-content\\\/uploads\\\/2025\\\/11\\\/income-tax-usa-logo-base-scaled.png\",\"width\":2560,\"height\":224,\"caption\":\"Income Tax USA & Insurance\"},\"image\":{\"@id\":\"https:\\\/\\\/incometaxusa.pro\\\/es\\\/#\\\/schema\\\/logo\\\/image\\\/\"}}]}<\/script>\n<!-- \/ Yoast SEO plugin. -->","yoast_head_json":{"title":"Asesor\u00eda de taxes y seguros en espa\u00f1ol en Odessa y Midland, TX","description":"Conoce a Income Tax USA & Insurance: expertos en impuestos, contabilidad y seguros para la comunidad hispana en Odessa y Midland, TX. Atenci\u00f3n honesta y en espa\u00f1ol.","robots":{"index":"index","follow":"follow","max-snippet":"max-snippet:-1","max-image-preview":"max-image-preview:large","max-video-preview":"max-video-preview:-1"},"canonical":"https:\/\/incometaxusa.pro\/es\/nosotros\/","og_locale":"es_ES","og_type":"article","og_title":"Asesor\u00eda de taxes y seguros en espa\u00f1ol en Odessa y Midland, TX","og_description":"Conoce a Income Tax USA & Insurance: expertos en impuestos, contabilidad y seguros para la comunidad hispana en Odessa y Midland, TX. Atenci\u00f3n honesta y en espa\u00f1ol.","og_url":"https:\/\/incometaxusa.pro\/es\/nosotros\/","og_site_name":"Income Tax USA &amp; Insurance","article_modified_time":"2025-12-03T16:20:26+00:00","og_image":[{"width":1200,"height":800,"url":"https:\/\/incometaxusa.pro\/wp-content\/uploads\/2025\/11\/Que-documentos-necesitas-para-hacer-tus-taxes-en-Odessa-y-Midland-TX-Guia-2026.jpg","type":"image\/jpeg"}],"twitter_card":"summary_large_image","twitter_misc":{"Tiempo de lectura":"1 minuto"},"schema":{"@context":"https:\/\/schema.org","@graph":[{"@type":"WebPage","@id":"https:\/\/incometaxusa.pro\/es\/nosotros\/","url":"https:\/\/incometaxusa.pro\/es\/nosotros\/","name":"Asesor\u00eda de taxes y seguros en espa\u00f1ol en Odessa y Midland, TX","isPartOf":{"@id":"https:\/\/incometaxusa.pro\/es\/#website"},"primaryImageOfPage":{"@id":"https:\/\/incometaxusa.pro\/es\/nosotros\/#primaryimage"},"image":{"@id":"https:\/\/incometaxusa.pro\/es\/nosotros\/#primaryimage"},"thumbnailUrl":"https:\/\/incometaxusa.pro\/wp-content\/uploads\/2025\/11\/Que-documentos-necesitas-para-hacer-tus-taxes-en-Odessa-y-Midland-TX-Guia-2026.jpg","datePublished":"2025-11-26T14:52:00+00:00","dateModified":"2025-12-03T16:20:26+00:00","description":"Conoce a Income Tax USA & Insurance: expertos en impuestos, contabilidad y seguros para la comunidad hispana en Odessa y Midland, TX. Atenci\u00f3n honesta y en espa\u00f1ol.","breadcrumb":{"@id":"https:\/\/incometaxusa.pro\/es\/nosotros\/#breadcrumb"},"inLanguage":"es","potentialAction":[{"@type":"ReadAction","target":["https:\/\/incometaxusa.pro\/es\/nosotros\/"]}]},{"@type":"ImageObject","inLanguage":"es","@id":"https:\/\/incometaxusa.pro\/es\/nosotros\/#primaryimage","url":"https:\/\/incometaxusa.pro\/wp-content\/uploads\/2025\/11\/Que-documentos-necesitas-para-hacer-tus-taxes-en-Odessa-y-Midland-TX-Guia-2026.jpg","contentUrl":"https:\/\/incometaxusa.pro\/wp-content\/uploads\/2025\/11\/Que-documentos-necesitas-para-hacer-tus-taxes-en-Odessa-y-Midland-TX-Guia-2026.jpg","width":1200,"height":800,"caption":"Qu\u00e9 documentos necesitas para hacer tus taxes en Odessa y Midland, TX [Gu\u00eda 2026 para la comunidad latina]"},{"@type":"BreadcrumbList","@id":"https:\/\/incometaxusa.pro\/es\/nosotros\/#breadcrumb","itemListElement":[{"@type":"ListItem","position":1,"name":"Inicio","item":"https:\/\/incometaxusa.pro\/es\/"},{"@type":"ListItem","position":2,"name":"Nosotros"}]},{"@type":"WebSite","@id":"https:\/\/incometaxusa.pro\/es\/#website","url":"https:\/\/incometaxusa.pro\/es\/","name":"Income Tax USA & Insurance","description":"Declaraci\u00f3n de impuestos, contabilidad y notar\u00eda","publisher":{"@id":"https:\/\/incometaxusa.pro\/es\/#organization"},"alternateName":"Income Tax USA & Insurance","potentialAction":[{"@type":"SearchAction","target":{"@type":"EntryPoint","urlTemplate":"https:\/\/incometaxusa.pro\/es\/?s={search_term_string}"},"query-input":{"@type":"PropertyValueSpecification","valueRequired":true,"valueName":"search_term_string"}}],"inLanguage":"es"},{"@type":"Organization","@id":"https:\/\/incometaxusa.pro\/es\/#organization","name":"Income Tax USA & Insurance","alternateName":"Income Tax USA & Insurance","url":"https:\/\/incometaxusa.pro\/es\/","logo":{"@type":"ImageObject","inLanguage":"es","@id":"https:\/\/incometaxusa.pro\/es\/#\/schema\/logo\/image\/","url":"https:\/\/incometaxusa.pro\/wp-content\/uploads\/2025\/11\/income-tax-usa-logo-base-scaled.png","contentUrl":"https:\/\/incometaxusa.pro\/wp-content\/uploads\/2025\/11\/income-tax-usa-logo-base-scaled.png","width":2560,"height":224,"caption":"Income Tax USA & Insurance"},"image":{"@id":"https:\/\/incometaxusa.pro\/es\/#\/schema\/logo\/image\/"}}]}},"_hostinger_reach_plugin_has_subscription_block":false,"_hostinger_reach_plugin_is_elementor":false,"_links":{"self":[{"href":"https:\/\/incometaxusa.pro\/es\/wp-json\/wp\/v2\/pages\/1242","targetHints":{"allow":["GET"]}}],"collection":[{"href":"https:\/\/incometaxusa.pro\/es\/wp-json\/wp\/v2\/pages"}],"about":[{"href":"https:\/\/incometaxusa.pro\/es\/wp-json\/wp\/v2\/types\/page"}],"author":[{"embeddable":true,"href":"https:\/\/incometaxusa.pro\/es\/wp-json\/wp\/v2\/users\/2"}],"replies":[{"embeddable":true,"href":"https:\/\/incometaxusa.pro\/es\/wp-json\/wp\/v2\/comments?post=1242"}],"version-history":[{"count":5,"href":"https:\/\/incometaxusa.pro\/es\/wp-json\/wp\/v2\/pages\/1242\/revisions"}],"predecessor-version":[{"id":2668,"href":"https:\/\/incometaxusa.pro\/es\/wp-json\/wp\/v2\/pages\/1242\/revisions\/2668"}],"wp:featuredmedia":[{"embeddable":true,"href":"https:\/\/incometaxusa.pro\/es\/wp-json\/wp\/v2\/media\/2547"}],"wp:attachment":[{"href":"https:\/\/incometaxusa.pro\/es\/wp-json\/wp\/v2\/media?parent=1242"}],"curies":[{"name":"wp","href":"https:\/\/api.w.org\/{rel}","templated":true}]}}