{"id":19,"date":"2025-11-26T10:12:47","date_gmt":"2025-11-26T16:12:47","guid":{"rendered":"https:\/\/incometaxusa.pro\/?page_id=19"},"modified":"2025-11-26T10:14:06","modified_gmt":"2025-11-26T16:14:06","slug":"politica-de-privacidad","status":"publish","type":"page","link":"https:\/\/incometaxusa.pro\/es\/politica-de-privacidad\/","title":{"rendered":"Pol\u00edtica de privacidad"},"content":{"rendered":"\t\t<div data-elementor-type=\"wp-page\" data-elementor-id=\"19\" class=\"elementor elementor-19\">\n\t\t\t\t<div class=\"elementor-element elementor-element-b8a890b e-flex e-con-boxed sc_layouts_column_icons_position_left e-con e-parent\" data-id=\"b8a890b\" data-element_type=\"container\" data-e-type=\"container\">\n\t\t\t\t\t<div class=\"e-con-inner\">\n\t\t\t\t<div class=\"elementor-element elementor-element-18bfaf2 sc_fly_static elementor-widget elementor-widget-text-editor\" data-id=\"18bfaf2\" data-element_type=\"widget\" data-e-type=\"widget\" data-widget_type=\"text-editor.default\">\n\t\t\t\t<div class=\"elementor-widget-container\">\n\t\t\t\t\t\t\t\t\t Vuelve m\u00e1s tarde&#8230;\t\t\t\t\t\t\t\t<\/div>\n\t\t\t\t<\/div>\n\t\t\t\t\t<\/div>\n\t\t\t\t<\/div>\n\t\t\t\t<\/div>\n\t\t","protected":false},"excerpt":{"rendered":"<p>Vuelve m\u00e1s tarde&#8230;<\/p>\n","protected":false},"author":2,"featured_media":2415,"parent":0,"menu_order":0,"comment_status":"closed","ping_status":"closed","template":"","meta":{"footnotes":""},"class_list":["post-19","page","type-page","status-publish","has-post-thumbnail","hentry"],"yoast_head":"<!-- This site is optimized with the Yoast SEO plugin v27.4 - https:\/\/yoast.com\/product\/yoast-seo-wordpress\/ -->\n<title>Income Tax USA &amp; Insurance: Pol\u00edtica de privacidad<\/title>\n<meta name=\"description\" content=\"Conoce la pol\u00edtica de privacidad de Income Tax USA &amp; Insurance. Con nosotros tus datos est\u00e1n seguros. Puedes consultarnos m\u00e1s si as\u00ed lo prefieres.\" \/>\n<meta name=\"robots\" content=\"index, follow, max-snippet:-1, max-image-preview:large, max-video-preview:-1\" \/>\n<link rel=\"canonical\" href=\"https:\/\/incometaxusa.pro\/es\/politica-de-privacidad\/\" \/>\n<meta property=\"og:locale\" content=\"es_ES\" \/>\n<meta property=\"og:type\" content=\"article\" \/>\n<meta property=\"og:title\" content=\"Income Tax USA &amp; Insurance: Pol\u00edtica de privacidad\" \/>\n<meta property=\"og:description\" content=\"Conoce la pol\u00edtica de privacidad de Income Tax USA &amp; Insurance. Con nosotros tus datos est\u00e1n seguros. Puedes consultarnos m\u00e1s si as\u00ed lo prefieres.\" \/>\n<meta property=\"og:url\" content=\"https:\/\/incometaxusa.pro\/es\/politica-de-privacidad\/\" \/>\n<meta property=\"og:site_name\" content=\"Income Tax USA &amp; Insurance\" \/>\n<meta property=\"article:modified_time\" content=\"2025-11-26T16:14:06+00:00\" \/>\n<meta property=\"og:image\" content=\"https:\/\/incometaxusa.pro\/wp-content\/uploads\/2025\/11\/Income-Tax-USA-Insurance-1.jpg\" \/>\n\t<meta property=\"og:image:width\" content=\"1200\" \/>\n\t<meta property=\"og:image:height\" content=\"800\" \/>\n\t<meta property=\"og:image:type\" content=\"image\/jpeg\" \/>\n<meta name=\"twitter:card\" content=\"summary_large_image\" \/>\n<meta name=\"twitter:label1\" content=\"Tiempo de lectura\" \/>\n\t<meta name=\"twitter:data1\" content=\"1 minuto\" \/>\n<script type=\"application\/ld+json\" class=\"yoast-schema-graph\">{\"@context\":\"https:\\\/\\\/schema.org\",\"@graph\":[{\"@type\":\"WebPage\",\"@id\":\"https:\\\/\\\/incometaxusa.pro\\\/es\\\/politica-de-privacidad\\\/\",\"url\":\"https:\\\/\\\/incometaxusa.pro\\\/es\\\/politica-de-privacidad\\\/\",\"name\":\"Income Tax USA & Insurance: Pol\u00edtica de privacidad\",\"isPartOf\":{\"@id\":\"https:\\\/\\\/incometaxusa.pro\\\/es\\\/#website\"},\"primaryImageOfPage\":{\"@id\":\"https:\\\/\\\/incometaxusa.pro\\\/es\\\/politica-de-privacidad\\\/#primaryimage\"},\"image\":{\"@id\":\"https:\\\/\\\/incometaxusa.pro\\\/es\\\/politica-de-privacidad\\\/#primaryimage\"},\"thumbnailUrl\":\"https:\\\/\\\/incometaxusa.pro\\\/wp-content\\\/uploads\\\/2025\\\/11\\\/Income-Tax-USA-Insurance-1.jpg\",\"datePublished\":\"2025-11-26T16:12:47+00:00\",\"dateModified\":\"2025-11-26T16:14:06+00:00\",\"description\":\"Conoce la pol\u00edtica de privacidad de Income Tax USA & Insurance. Con nosotros tus datos est\u00e1n seguros. Puedes consultarnos m\u00e1s si as\u00ed lo prefieres.\",\"breadcrumb\":{\"@id\":\"https:\\\/\\\/incometaxusa.pro\\\/es\\\/politica-de-privacidad\\\/#breadcrumb\"},\"inLanguage\":\"es\",\"potentialAction\":[{\"@type\":\"ReadAction\",\"target\":[\"https:\\\/\\\/incometaxusa.pro\\\/es\\\/politica-de-privacidad\\\/\"]}]},{\"@type\":\"ImageObject\",\"inLanguage\":\"es\",\"@id\":\"https:\\\/\\\/incometaxusa.pro\\\/es\\\/politica-de-privacidad\\\/#primaryimage\",\"url\":\"https:\\\/\\\/incometaxusa.pro\\\/wp-content\\\/uploads\\\/2025\\\/11\\\/Income-Tax-USA-Insurance-1.jpg\",\"contentUrl\":\"https:\\\/\\\/incometaxusa.pro\\\/wp-content\\\/uploads\\\/2025\\\/11\\\/Income-Tax-USA-Insurance-1.jpg\",\"width\":1200,\"height\":800,\"caption\":\"Income Tax USA &amp; Insurance\"},{\"@type\":\"BreadcrumbList\",\"@id\":\"https:\\\/\\\/incometaxusa.pro\\\/es\\\/politica-de-privacidad\\\/#breadcrumb\",\"itemListElement\":[{\"@type\":\"ListItem\",\"position\":1,\"name\":\"Inicio\",\"item\":\"https:\\\/\\\/incometaxusa.pro\\\/es\\\/\"},{\"@type\":\"ListItem\",\"position\":2,\"name\":\"Pol\u00edtica de privacidad\"}]},{\"@type\":\"WebSite\",\"@id\":\"https:\\\/\\\/incometaxusa.pro\\\/es\\\/#website\",\"url\":\"https:\\\/\\\/incometaxusa.pro\\\/es\\\/\",\"name\":\"Income Tax USA & Insurance\",\"description\":\"Declaraci\u00f3n de impuestos, contabilidad y notar\u00eda\",\"publisher\":{\"@id\":\"https:\\\/\\\/incometaxusa.pro\\\/es\\\/#organization\"},\"alternateName\":\"Income Tax USA & Insurance\",\"potentialAction\":[{\"@type\":\"SearchAction\",\"target\":{\"@type\":\"EntryPoint\",\"urlTemplate\":\"https:\\\/\\\/incometaxusa.pro\\\/es\\\/?s={search_term_string}\"},\"query-input\":{\"@type\":\"PropertyValueSpecification\",\"valueRequired\":true,\"valueName\":\"search_term_string\"}}],\"inLanguage\":\"es\"},{\"@type\":\"Organization\",\"@id\":\"https:\\\/\\\/incometaxusa.pro\\\/es\\\/#organization\",\"name\":\"Income Tax USA & Insurance\",\"alternateName\":\"Income Tax USA & Insurance\",\"url\":\"https:\\\/\\\/incometaxusa.pro\\\/es\\\/\",\"logo\":{\"@type\":\"ImageObject\",\"inLanguage\":\"es\",\"@id\":\"https:\\\/\\\/incometaxusa.pro\\\/es\\\/#\\\/schema\\\/logo\\\/image\\\/\",\"url\":\"https:\\\/\\\/incometaxusa.pro\\\/wp-content\\\/uploads\\\/2025\\\/11\\\/income-tax-usa-logo-base-scaled.png\",\"contentUrl\":\"https:\\\/\\\/incometaxusa.pro\\\/wp-content\\\/uploads\\\/2025\\\/11\\\/income-tax-usa-logo-base-scaled.png\",\"width\":2560,\"height\":224,\"caption\":\"Income Tax USA & Insurance\"},\"image\":{\"@id\":\"https:\\\/\\\/incometaxusa.pro\\\/es\\\/#\\\/schema\\\/logo\\\/image\\\/\"}}]}<\/script>\n<!-- \/ Yoast SEO plugin. -->","yoast_head_json":{"title":"Income Tax USA & Insurance: Pol\u00edtica de privacidad","description":"Conoce la pol\u00edtica de privacidad de Income Tax USA & Insurance. Con nosotros tus datos est\u00e1n seguros. Puedes consultarnos m\u00e1s si as\u00ed lo prefieres.","robots":{"index":"index","follow":"follow","max-snippet":"max-snippet:-1","max-image-preview":"max-image-preview:large","max-video-preview":"max-video-preview:-1"},"canonical":"https:\/\/incometaxusa.pro\/es\/politica-de-privacidad\/","og_locale":"es_ES","og_type":"article","og_title":"Income Tax USA & Insurance: Pol\u00edtica de privacidad","og_description":"Conoce la pol\u00edtica de privacidad de Income Tax USA & Insurance. Con nosotros tus datos est\u00e1n seguros. Puedes consultarnos m\u00e1s si as\u00ed lo prefieres.","og_url":"https:\/\/incometaxusa.pro\/es\/politica-de-privacidad\/","og_site_name":"Income Tax USA &amp; Insurance","article_modified_time":"2025-11-26T16:14:06+00:00","og_image":[{"width":1200,"height":800,"url":"https:\/\/incometaxusa.pro\/wp-content\/uploads\/2025\/11\/Income-Tax-USA-Insurance-1.jpg","type":"image\/jpeg"}],"twitter_card":"summary_large_image","twitter_misc":{"Tiempo de lectura":"1 minuto"},"schema":{"@context":"https:\/\/schema.org","@graph":[{"@type":"WebPage","@id":"https:\/\/incometaxusa.pro\/es\/politica-de-privacidad\/","url":"https:\/\/incometaxusa.pro\/es\/politica-de-privacidad\/","name":"Income Tax USA & Insurance: Pol\u00edtica de privacidad","isPartOf":{"@id":"https:\/\/incometaxusa.pro\/es\/#website"},"primaryImageOfPage":{"@id":"https:\/\/incometaxusa.pro\/es\/politica-de-privacidad\/#primaryimage"},"image":{"@id":"https:\/\/incometaxusa.pro\/es\/politica-de-privacidad\/#primaryimage"},"thumbnailUrl":"https:\/\/incometaxusa.pro\/wp-content\/uploads\/2025\/11\/Income-Tax-USA-Insurance-1.jpg","datePublished":"2025-11-26T16:12:47+00:00","dateModified":"2025-11-26T16:14:06+00:00","description":"Conoce la pol\u00edtica de privacidad de Income Tax USA & Insurance. Con nosotros tus datos est\u00e1n seguros. Puedes consultarnos m\u00e1s si as\u00ed lo prefieres.","breadcrumb":{"@id":"https:\/\/incometaxusa.pro\/es\/politica-de-privacidad\/#breadcrumb"},"inLanguage":"es","potentialAction":[{"@type":"ReadAction","target":["https:\/\/incometaxusa.pro\/es\/politica-de-privacidad\/"]}]},{"@type":"ImageObject","inLanguage":"es","@id":"https:\/\/incometaxusa.pro\/es\/politica-de-privacidad\/#primaryimage","url":"https:\/\/incometaxusa.pro\/wp-content\/uploads\/2025\/11\/Income-Tax-USA-Insurance-1.jpg","contentUrl":"https:\/\/incometaxusa.pro\/wp-content\/uploads\/2025\/11\/Income-Tax-USA-Insurance-1.jpg","width":1200,"height":800,"caption":"Income Tax USA &amp; Insurance"},{"@type":"BreadcrumbList","@id":"https:\/\/incometaxusa.pro\/es\/politica-de-privacidad\/#breadcrumb","itemListElement":[{"@type":"ListItem","position":1,"name":"Inicio","item":"https:\/\/incometaxusa.pro\/es\/"},{"@type":"ListItem","position":2,"name":"Pol\u00edtica de privacidad"}]},{"@type":"WebSite","@id":"https:\/\/incometaxusa.pro\/es\/#website","url":"https:\/\/incometaxusa.pro\/es\/","name":"Income Tax USA & Insurance","description":"Declaraci\u00f3n de impuestos, contabilidad y notar\u00eda","publisher":{"@id":"https:\/\/incometaxusa.pro\/es\/#organization"},"alternateName":"Income Tax USA & Insurance","potentialAction":[{"@type":"SearchAction","target":{"@type":"EntryPoint","urlTemplate":"https:\/\/incometaxusa.pro\/es\/?s={search_term_string}"},"query-input":{"@type":"PropertyValueSpecification","valueRequired":true,"valueName":"search_term_string"}}],"inLanguage":"es"},{"@type":"Organization","@id":"https:\/\/incometaxusa.pro\/es\/#organization","name":"Income Tax USA & Insurance","alternateName":"Income Tax USA & Insurance","url":"https:\/\/incometaxusa.pro\/es\/","logo":{"@type":"ImageObject","inLanguage":"es","@id":"https:\/\/incometaxusa.pro\/es\/#\/schema\/logo\/image\/","url":"https:\/\/incometaxusa.pro\/wp-content\/uploads\/2025\/11\/income-tax-usa-logo-base-scaled.png","contentUrl":"https:\/\/incometaxusa.pro\/wp-content\/uploads\/2025\/11\/income-tax-usa-logo-base-scaled.png","width":2560,"height":224,"caption":"Income Tax USA & Insurance"},"image":{"@id":"https:\/\/incometaxusa.pro\/es\/#\/schema\/logo\/image\/"}}]}},"_hostinger_reach_plugin_has_subscription_block":false,"_hostinger_reach_plugin_is_elementor":false,"_links":{"self":[{"href":"https:\/\/incometaxusa.pro\/es\/wp-json\/wp\/v2\/pages\/19","targetHints":{"allow":["GET"]}}],"collection":[{"href":"https:\/\/incometaxusa.pro\/es\/wp-json\/wp\/v2\/pages"}],"about":[{"href":"https:\/\/incometaxusa.pro\/es\/wp-json\/wp\/v2\/types\/page"}],"author":[{"embeddable":true,"href":"https:\/\/incometaxusa.pro\/es\/wp-json\/wp\/v2\/users\/2"}],"replies":[{"embeddable":true,"href":"https:\/\/incometaxusa.pro\/es\/wp-json\/wp\/v2\/comments?post=19"}],"version-history":[{"count":5,"href":"https:\/\/incometaxusa.pro\/es\/wp-json\/wp\/v2\/pages\/19\/revisions"}],"predecessor-version":[{"id":2571,"href":"https:\/\/incometaxusa.pro\/es\/wp-json\/wp\/v2\/pages\/19\/revisions\/2571"}],"wp:featuredmedia":[{"embeddable":true,"href":"https:\/\/incometaxusa.pro\/es\/wp-json\/wp\/v2\/media\/2415"}],"wp:attachment":[{"href":"https:\/\/incometaxusa.pro\/es\/wp-json\/wp\/v2\/media?parent=19"}],"curies":[{"name":"wp","href":"https:\/\/api.w.org\/{rel}","templated":true}]}}